{"id":2,"date":"2019-12-06T20:56:37","date_gmt":"2019-12-06T20:56:37","guid":{"rendered":"https:\/\/afterworkradio.de\/?page_id=2"},"modified":"2026-04-11T17:27:04","modified_gmt":"2026-04-11T16:27:04","slug":"sample-page","status":"publish","type":"page","link":"https:\/\/afterworkradio.de\/","title":{"rendered":""},"content":{"rendered":"\n\n\n<p class=\"has-text-align-center has-luminous-vivid-orange-color has-text-color\" style=\"font-size:27px\"><\/p>\n\n\n\n<p class=\"has-text-align-center\"><\/p>\n\n\n\n<div style=\"text-align:center;padding:1em 0;\"> <h4>\n\n\n\n<p><\/p>\n\n\n\n<p class=\"has-text-align-center has-vivid-cyan-blue-color has-text-color\" style=\"font-size:34px\"><strong>hallo und herzlich willkommen <\/strong><\/p>\n<div>\n<div>\n\n\n\n<p><\/p>\n\n\n\n&nbsp;\n\n\n\n<p><\/p>\n\n\n<div class=\"wp-block-image\">\n<figure class=\"aligncenter size-full\"><img loading=\"lazy\" decoding=\"async\" width=\"147\" height=\"87\" src=\"https:\/\/afterworkradio.de\/wp-content\/uploads\/2024\/08\/Schlager.png\" alt=\"\" class=\"wp-image-629\"\/><\/figure>\n<\/div>\n\n\n<p><\/p>\n\n\n\n<p><\/p>\n\n\n\n&nbsp;<\/p>\n<\/p><center><div class=\"wp-block-image\"><figure class=\"aligncenter is-resized\"><img loading=\"lazy\" decoding=\"async\" src=\"https:\/\/afterworkradio.de\/wp-content\/uploads\/2020\/05\/animated-rapper-singing.gif\" alt=\"\" class=\"wp-image-325\" width=\"178\" height=\"111\"\/><\/figure><\/div>\n\n\n\n<p><\/p>\n\n\n\n<iframe loading=\"lazy\" width=\"500\" height=\"140\" id=\"widget\" name=\"widget\" border=\"0\" style=\"border:0px\" allowtransparency=\"true\" scrolling=\"no\" src=\"\/\/laut.fm\/widgets\/player_for\/afterwork?player%5Bstations%5D=afterwork&amp;player%5Bcolor%5D%5Bcolor%5D=white&amp;player%5Bshadow%5D=true&amp;player%5Bdisplay%5D%5Bborder%5D%5Bradius%5D=60px&amp;player%5Bcolor%5D%5Bbackground_to%5D=%23f20921&amp;player%5Bcolor%5D%5Bbackground_from%5D=%230f000f&amp;player%5Bborder%5D%5Bcolor%5D=%23fa6161&amp;player%5Bborder%5D%5Bwidth%5D=0px&amp;player%5Bbutton%5D%5Bcolor%5D%5Bbackground_to%5D=%23121111&amp;player%5Bbutton%5D%5Bcolor%5D%5Bbackground_from%5D=%230f0d0d&amp;player%5Bbutton%5D%5Bborder%5D%5Bcolor%5D=%23dbdbdb&amp;player%5Bbutton%5D%5Bborder%5D%5Bwidth%5D=2px\">widget<\/iframe>\n\n\n\n<p><br><\/p>\n\n\n\n<p><br><\/p>\n\n\n\n<p><\/p>\n\n\n\n<p class=\"has-text-align-center\"><\/p>\n\n\n\n<div class=\"wp-block-columns is-layout-flex wp-container-core-columns-is-layout-9d6595d7 wp-block-columns-is-layout-flex\"><\/div>\n\n\n\n<p><br><br><\/p>\n\n\n\n<p style=\"font-size:29px\"><\/p>\n\n\n\n<p class=\"has-text-align-center\" style=\"font-size:27px\">Hier gibt es  <strong>keinen Smilievorf\u00fchrraum<\/strong><\/p>\n\n\n\n<p class=\"has-text-align-center\" style=\"font-size:27px\">aber zu erreichen sind wir \u00fcberall wo Du bist <\/strong><\/p>\n\n\n\n<p>ganz einfach \u00fcber<\/p>\n\n\n<div class=\"wp-block-image\">\n<figure class=\"aligncenter size-full\"><a href=\"https:\/\/chat.whatsapp.com\/DwnxIQmv6iT9qzbfo0UVFs\"><img loading=\"lazy\" decoding=\"async\" width=\"150\" height=\"84\" src=\"https:\/\/afterworkradio.de\/wp-content\/uploads\/2024\/08\/WhatsApp-Bild.jpg\" alt=\"\" class=\"wp-image-626\"\/><\/a><\/figure>\n&nbsp;\n<\/div>\n\n\n<p><\/p>\n\n\n\n<p><\/p>\n\n\n\n<p><\/p>\n\n\n\n<p><\/p>\n\n\n\n<p class=\"has-text-align-center\" style=\"font-size:25px\">Du m\u00f6chtest Dich registrieren ?? ..wozu ?? &#8230;<\/p>\n\n\n\n<p class=\"has-text-align-center has-vivid-green-cyan-color has-text-color\" style=\"font-size:28px\">wir brauchen kein Datenm\u00fcll.<\/p>\n\n\n\n<p><br><\/p>\n\n\n\n<p class=\"has-text-align-center\" style=\"font-size:24px\"><\/p>\n\n\n\n<p class=\"has-text-align-center\" style=\"font-size:15px\"><p class=\"has-text-align-center\" style=\"font-size:25px\">Wir brauchen keinen voll gestopften Sendeplan mit irgendwelchen Webclowns , aber vielleicht Dich<br><br><br><\/p><\/p>\n\n\n\n<p class=\"has-text-align-center\"><\/p>\n\n\n\n<div class=\"wp-block-group\"><div class=\"wp-block-group__inner-container is-layout-flow wp-block-group-is-layout-flow\">\n<div class=\"wp-block-group\"><div class=\"wp-block-group__inner-container is-layout-flow wp-block-group-is-layout-flow\"><\/div><\/div>\n<\/div><\/div>\n\n\n\n<p><\/p>\n\n\n\n<p><\/p>\n\n\n\n<p class=\"has-medium-font-size\"><\/p>\n\n\n\n<p><\/p>\n\n\n\n<p><\/p>\n\n\n\n<center><p class=\"has-medium-font-size\"><strong>Wir hoffen ihr habt auch weiterhin viel Spass mit unserem Programmen <\/strong><\/center><\/p>\n<\/p>\n<\/p>\n<\/p>\n<\/p>\n\n\n\n<p><\/p>\n\n\n\n<p><\/p>\n\n\n\n<p><\/p>\n\n\n\n<p><\/p>\n\n\n\n<p><\/p>\n\n\n\n\n\n<p><\/p>\n\n\n\n<p><\/p>\n\n\n\n<p><\/p>\n\n\n\n<p><\/p>\n\n\n\n<p><\/p>\n<div class=\"pvc_clear\"><\/div><p id=\"pvc_stats_2\" class=\"pvc_stats all  \" data-element-id=\"2\" style=\"\"><i class=\"pvc-stats-icon medium\" aria-hidden=\"true\"><svg aria-hidden=\"true\" focusable=\"false\" data-prefix=\"far\" data-icon=\"chart-bar\" role=\"img\" xmlns=\"http:\/\/www.w3.org\/2000\/svg\" viewBox=\"0 0 512 512\" class=\"svg-inline--fa fa-chart-bar fa-w-16 fa-2x\"><path fill=\"currentColor\" d=\"M396.8 352h22.4c6.4 0 12.8-6.4 12.8-12.8V108.8c0-6.4-6.4-12.8-12.8-12.8h-22.4c-6.4 0-12.8 6.4-12.8 12.8v230.4c0 6.4 6.4 12.8 12.8 12.8zm-192 0h22.4c6.4 0 12.8-6.4 12.8-12.8V140.8c0-6.4-6.4-12.8-12.8-12.8h-22.4c-6.4 0-12.8 6.4-12.8 12.8v198.4c0 6.4 6.4 12.8 12.8 12.8zm96 0h22.4c6.4 0 12.8-6.4 12.8-12.8V204.8c0-6.4-6.4-12.8-12.8-12.8h-22.4c-6.4 0-12.8 6.4-12.8 12.8v134.4c0 6.4 6.4 12.8 12.8 12.8zM496 400H48V80c0-8.84-7.16-16-16-16H16C7.16 64 0 71.16 0 80v336c0 17.67 14.33 32 32 32h464c8.84 0 16-7.16 16-16v-16c0-8.84-7.16-16-16-16zm-387.2-48h22.4c6.4 0 12.8-6.4 12.8-12.8v-70.4c0-6.4-6.4-12.8-12.8-12.8h-22.4c-6.4 0-12.8 6.4-12.8 12.8v70.4c0 6.4 6.4 12.8 12.8 12.8z\" class=\"\"><\/path><\/svg><\/i> <img loading=\"lazy\" decoding=\"async\" width=\"16\" height=\"16\" alt=\"Loading\" src=\"https:\/\/afterworkradio.de\/wp-content\/plugins\/page-views-count\/ajax-loader-2x.gif\" border=0 \/><\/p><div class=\"pvc_clear\"><\/div>","protected":false},"excerpt":{"rendered":"<div class=\"mh-excerpt\"><p>hallo und herzlich willkommen &nbsp; &nbsp; widget Hier gibt es keinen Smilievorf\u00fchrraum aber zu erreichen sind wir \u00fcberall wo Du bist ganz einfach \u00fcber Du <a class=\"mh-excerpt-more\" href=\"https:\/\/afterworkradio.de\/\" title=\"\">[&#8230;]<\/a><\/p>\n<div class=\"pvc_clear\"><\/div>\n<p id=\"pvc_stats_2\" class=\"pvc_stats all  \" data-element-id=\"2\" style=\"\"><i class=\"pvc-stats-icon medium\" aria-hidden=\"true\"><svg aria-hidden=\"true\" focusable=\"false\" data-prefix=\"far\" data-icon=\"chart-bar\" role=\"img\" xmlns=\"http:\/\/www.w3.org\/2000\/svg\" viewBox=\"0 0 512 512\" class=\"svg-inline--fa fa-chart-bar fa-w-16 fa-2x\"><path fill=\"currentColor\" d=\"M396.8 352h22.4c6.4 0 12.8-6.4 12.8-12.8V108.8c0-6.4-6.4-12.8-12.8-12.8h-22.4c-6.4 0-12.8 6.4-12.8 12.8v230.4c0 6.4 6.4 12.8 12.8 12.8zm-192 0h22.4c6.4 0 12.8-6.4 12.8-12.8V140.8c0-6.4-6.4-12.8-12.8-12.8h-22.4c-6.4 0-12.8 6.4-12.8 12.8v198.4c0 6.4 6.4 12.8 12.8 12.8zm96 0h22.4c6.4 0 12.8-6.4 12.8-12.8V204.8c0-6.4-6.4-12.8-12.8-12.8h-22.4c-6.4 0-12.8 6.4-12.8 12.8v134.4c0 6.4 6.4 12.8 12.8 12.8zM496 400H48V80c0-8.84-7.16-16-16-16H16C7.16 64 0 71.16 0 80v336c0 17.67 14.33 32 32 32h464c8.84 0 16-7.16 16-16v-16c0-8.84-7.16-16-16-16zm-387.2-48h22.4c6.4 0 12.8-6.4 12.8-12.8v-70.4c0-6.4-6.4-12.8-12.8-12.8h-22.4c-6.4 0-12.8 6.4-12.8 12.8v70.4c0 6.4 6.4 12.8 12.8 12.8z\" class=\"\"><\/path><\/svg><\/i> <img loading=\"lazy\" decoding=\"async\" width=\"16\" height=\"16\" alt=\"Loading\" src=\"https:\/\/afterworkradio.de\/wp-content\/plugins\/page-views-count\/ajax-loader-2x.gif\" border=0 \/><\/p>\n<div class=\"pvc_clear\"><\/div>\n<\/div>","protected":false},"author":1,"featured_media":0,"parent":0,"menu_order":0,"comment_status":"closed","ping_status":"closed","template":"","meta":{"footnotes":""},"class_list":["post-2","page","type-page","status-publish","hentry"],"jetpack_sharing_enabled":true,"_links":{"self":[{"href":"https:\/\/afterworkradio.de\/index.php\/wp-json\/wp\/v2\/pages\/2","targetHints":{"allow":["GET"]}}],"collection":[{"href":"https:\/\/afterworkradio.de\/index.php\/wp-json\/wp\/v2\/pages"}],"about":[{"href":"https:\/\/afterworkradio.de\/index.php\/wp-json\/wp\/v2\/types\/page"}],"author":[{"embeddable":true,"href":"https:\/\/afterworkradio.de\/index.php\/wp-json\/wp\/v2\/users\/1"}],"replies":[{"embeddable":true,"href":"https:\/\/afterworkradio.de\/index.php\/wp-json\/wp\/v2\/comments?post=2"}],"version-history":[{"count":105,"href":"https:\/\/afterworkradio.de\/index.php\/wp-json\/wp\/v2\/pages\/2\/revisions"}],"predecessor-version":[{"id":655,"href":"https:\/\/afterworkradio.de\/index.php\/wp-json\/wp\/v2\/pages\/2\/revisions\/655"}],"wp:attachment":[{"href":"https:\/\/afterworkradio.de\/index.php\/wp-json\/wp\/v2\/media?parent=2"}],"curies":[{"name":"wp","href":"https:\/\/api.w.org\/{rel}","templated":true}]}}