{"id":207,"date":"2019-12-08T23:54:56","date_gmt":"2019-12-08T22:54:56","guid":{"rendered":"https:\/\/afterworkradio.de\/?page_id=207"},"modified":"2022-10-27T14:24:33","modified_gmt":"2022-10-27T13:24:33","slug":"meinungsforschung","status":"publish","type":"page","link":"https:\/\/afterworkradio.de\/index.php\/meinungsforschung\/","title":{"rendered":"Meinungsforschung"},"content":{"rendered":"\n<p><a href=\"http:\/\/&lt;div class=&quot;gwolle-gb&quot;&gt;&lt;div class=&quot;gwolle-gb-messages-top-container&quot;&gt;&lt;\/div&gt;\n\t\t\t&lt;div class=&quot;gwolle-gb-write-button&quot;&gt;\n\t\t\t\t&lt;input type=&quot;button&quot; name=&quot;gwolle-gb-write-button&quot; class=&quot;button btn btn-default &quot; value=&quot;Neuen Eintrag schreiben&quot; aria-expanded=&quot;false&quot; \/&gt;\n\t\t\t&lt;\/div&gt;\n\t\t\t&lt;form action=&quot;#&quot; method=&quot;POST&quot; class=&quot;gwolle-gb-write gwolle-gb-hide gwolle-gb-float gwolle-gb-form-ajax gwolle-gb-ajax gwolle-gb-not-logged-in&quot;&gt;\n\t\t\t\t&lt;h3&gt;Einen neuen Eintrag f\u00fcr das G\u00e4stebuch schreiben&lt;\/h3&gt;\n\t\t\t\t&lt;button type=&quot;button&quot; class=&quot;gb-notice-dismiss&quot;&gt;x&lt;span class=&quot;screen-reader-text&quot;&gt;Dieses Formular ausblenden&lt;\/span&gt;&lt;\/button&gt;\n\t\t\t\n\t\t\t\t&lt;input type=&quot;hidden&quot; name=&quot;gwolle_gb_function&quot; class=&quot;gwolle_gb_function&quot; value=&quot;add_entry&quot; \/&gt;&lt;input type=&quot;hidden&quot; name=&quot;gwolle_gb_book_id&quot; class=&quot;gwolle_gb_book_id&quot; value=&quot;1&quot; \/&gt;&lt;div class=&quot;gwolle_gb_345e348c91d904abae316cef302e4d78&quot;&gt;\n\t\t\t\t&lt;div class=&quot;label&quot;&gt;&lt;label for=&quot;gwolle_gb_345e348c91d904abae316cef302e4d78-1&quot; class=&quot;text-info&quot;&gt;Name &lt;span class=&quot;required&quot;&gt;*&lt;\/span&gt;&lt;\/label&gt;&lt;\/div&gt;\n\t\t\t\t&lt;div class=&quot;input&quot;&gt;&lt;input class=&quot;wp-exclude-emoji gwolle_gb_345e348c91d904abae316cef302e4d78&quot; value=&quot;&quot; type=&quot;text&quot; id=&quot;gwolle_gb_345e348c91d904abae316cef302e4d78-1&quot; name=&quot;gwolle_gb_345e348c91d904abae316cef302e4d78&quot; required \/&gt;&lt;\/div&gt;\n\t\t\t\t&lt;div class=&quot;clearBoth&quot;&gt;&nbsp;&lt;\/div&gt;\n\t\t\t&lt;\/div&gt;\n\t\t\t&lt;div class=&quot;gwolle_gb_851f7c72a0987b2f945d63ac3dd718b7&quot; style=&quot;display:none;overflow:hidden;&quot; hidden=&quot;true&quot; aria-hidden=&quot;true&quot;&gt;\n\t\t\t\t&lt;div class=&quot;label&quot;&gt;\n\t\t\t\t\t&lt;label for=&quot;gwolle_gb_851f7c72a0987b2f945d63ac3dd718b7-1&quot; class=&quot;text-primary&quot;&gt;Hier nichts eingeben&lt;\/label&gt;\n\t\t\t\t\t&lt;label for=&quot;gwolle_gb_35bd4e28a1c53203d12464f82a0c64f5-1&quot; class=&quot;text-primary&quot;&gt;Hier nichts eingeben&lt;\/label&gt;\n\t\t\t\t&lt;\/div&gt;\n\t\t\t\t&lt;div class=&quot;input&quot;&gt;\n\t\t\t\t\t&lt;input value=&quot;32&quot; type=&quot;text&quot; id=&quot;gwolle_gb_851f7c72a0987b2f945d63ac3dd718b7-1&quot; name=&quot;gwolle_gb_851f7c72a0987b2f945d63ac3dd718b7&quot; class=&quot;gwolle_gb_851f7c72a0987b2f945d63ac3dd718b7&quot; style=&quot;transform: translateY(10000px);&quot; \/&gt;\n\t\t\t\t\t&lt;input value=&quot;&quot; type=&quot;text&quot; name=&quot;gwolle_gb_35bd4e28a1c53203d12464f82a0c64f5&quot; id=&quot;gwolle_gb_35bd4e28a1c53203d12464f82a0c64f5-1&quot; class=&quot;gwolle_gb_35bd4e28a1c53203d12464f82a0c64f5&quot; style=&quot;transform: translateY(10000px);&quot; \/&gt;\n\t\t\t\t&lt;\/div&gt;\n\t\t\t\t&lt;div class=&quot;clearBoth&quot;&gt;&lt;\/div&gt;\n\t\t\t&lt;\/div&gt;\n\t\t\t&lt;div class=&quot;gwolle_gb_bb6efdbdcfe2b4b04e0e3530f3939a68&quot; style=&quot;display:none;overflow:hidden;&quot; hidden=&quot;true&quot; aria-hidden=&quot;true&quot;&gt;\n\t\t\t\t&lt;div class=&quot;label&quot;&gt;\n\t\t\t\t\t&lt;label for=&quot;gwolle_gb_bb6efdbdcfe2b4b04e0e3530f3939a68-1&quot; class=&quot;text-primary&quot;&gt;Hier nichts eingeben&lt;\/label&gt;\n\t\t\t\t\t&lt;label for=&quot;gwolle_gb_db8bbc2d5a1e6cc67eaa7bec736ab84c-1&quot; class=&quot;text-primary&quot;&gt;Hier nichts eingeben&lt;\/label&gt;\n\t\t\t\t&lt;\/div&gt;\n\t\t\t\t&lt;div class=&quot;input&quot;&gt;\n\t\t\t\t\t&lt;input value=&quot;56462&quot; type=&quot;text&quot; id=&quot;gwolle_gb_bb6efdbdcfe2b4b04e0e3530f3939a68-1&quot; name=&quot;gwolle_gb_bb6efdbdcfe2b4b04e0e3530f3939a68&quot; class=&quot;gwolle_gb_bb6efdbdcfe2b4b04e0e3530f3939a68&quot; style=&quot;transform: translateY(10000px);&quot; \/&gt;\n\t\t\t\t\t&lt;input value=&quot;56462&quot; type=&quot;text&quot;id=&quot;gwolle_gb_db8bbc2d5a1e6cc67eaa7bec736ab84c-1&quot; name=&quot;gwolle_gb_db8bbc2d5a1e6cc67eaa7bec736ab84c&quot; class=&quot;gwolle_gb_db8bbc2d5a1e6cc67eaa7bec736ab84c&quot; style=&quot;transform: translateY(10000px);&quot; \/&gt;\n\t\t\t\t&lt;\/div&gt;\n\t\t\t\t&lt;div class=&quot;clearBoth&quot;&gt;&lt;\/div&gt;\n\t\t\t&lt;\/div&gt;&lt;div class=&quot;gwolle_gb_content&quot;&gt;\n\t\t\t\t&lt;div class=&quot;label&quot;&gt;&lt;label for=&quot;gwolle_gb_content-1&quot; class=&quot;text-info&quot;&gt;G\u00e4stebucheintrag &lt;span class=&quot;required&quot;&gt;*&lt;\/span&gt;&lt;\/label&gt;&lt;\/div&gt;\n\t\t\t\t&lt;div class=&quot;input&quot;&gt;&lt;textarea id=&quot;gwolle_gb_content-1&quot; name=&quot;gwolle_gb_content&quot; class=&quot;gwolle_gb_content wp-exclude-emoji&quot; required &gt;&lt;\/textarea&gt;&lt;\/div&gt;\n\t\t\t\t\t&lt;div class=&quot;clearBoth&quot;&gt;&nbsp;&lt;\/div&gt;\n\t\t\t\t&lt;\/div&gt;&lt;input type=&quot;hidden&quot; class=&quot;gwolle_gb_85a350d007b82f882af911c47be93c96&quot; id=&quot;gwolle_gb_85a350d007b82f882af911c47be93c96-1&quot; name=&quot;gwolle_gb_85a350d007b82f882af911c47be93c96&quot; value=&quot;a128e97a01&quot; \/&gt;\n\t\t\t&lt;div class=&quot;gwolle-gb-messages-bottom-container&quot;&gt;&lt;\/div&gt;\n\n\t\t\t&lt;noscript&gt;&lt;div class=&quot;no-js&quot;&gt;Warnung: Dieses Formular kann nur verwendet werden, wenn in deinem Browser JavaScript aktiviert ist.&lt;\/div&gt;&lt;\/noscript&gt;\n\n\t\t\t&lt;div class=&quot;gwolle_gb_submit gwolle-gb-submit&quot;&gt;\n\t\t\t\t&lt;div class=&quot;label gwolle-gb-invisible text-muted&quot;&gt;&nbsp;&lt;\/div&gt;\n\t\t\t\t&lt;div class=&quot;input&quot;&gt;\n\t\t\t\t\t&lt;input type=&quot;submit&quot; name=&quot;gwolle_gb_submit&quot; class=&quot;gwolle_gb_submit button btn btn-primary &quot; value=&quot;Absenden&quot; \/&gt;\n\t\t\t\t\t&lt;span class=&quot;gwolle_gb_submit_ajax_icon gwolle-gb-submit-ajax-icon&quot;&gt;&lt;\/span&gt;\n\t\t\t\n\t\t\t\t&lt;\/div&gt;\n\t\t\t\t&lt;div class=&quot;clearBoth&quot;&gt;&nbsp;&lt;\/div&gt;\n\t\t\t&lt;\/div&gt;\n\n\t\t\t&lt;div class=&quot;gwolle_gb_notice gwolle-gb-notice&quot;&gt;\n\t\t\t\tMit * gekennzeichnete Felder sind erforderlich.&lt;br \/&gt;\r\nDeine E-Mail-Adresse wird nicht ver\u00f6ffentlicht.&lt;br \/&gt;\r\nEs ist m\u00f6glich, dass dein Eintrag im G\u00e4stebuch erst sichtbar ist, nachdem wir ihn \u00fcberpr\u00fcft haben.&lt;br \/&gt;\r\nWir behalten uns vor, Eintr\u00e4ge zu bearbeiten, zu l\u00f6schen oder nicht zu ver\u00f6ffentlichen.\n\t\t\t&lt;\/div&gt;&lt;\/form&gt;&lt;div class=&quot;gwolle-gb-read gwolle-gb-ajax gwolle-gb-entries-list&quot; data-book_id=&quot;1&quot; data-page_id=&quot;1&quot;&gt;\n\t\t&lt;div id=&quot;gwolle-gb-total&quot; class=&quot;gwolle-gb-total&quot;&gt;3 Eintr\u00e4ge&lt;\/div&gt;&lt;!-- Gwolle-GB Entry: Default Template Loaded --&gt;\n\t\t\t\t&lt;div class=&quot;gb-entry gb-entry_23 gb-entry-count_1 gwolle-gb-uneven gwolle-gb-first&quot; id=&quot;gb-entry_23&quot; data-entry_id=&quot;23&quot;&gt;\n\t\t\t\t&lt;article&gt;\n\t\t\t\t\t&lt;div class=&quot;gb-author-info&quot;&gt;\n\t\t\t\t\t\t&lt;span class=&quot;gb-author-avatar&quot;&gt;&lt;img referrerpolicy=&quot;no-referrer&quot; alt=&#039;Andy&#039; src=&#039;https:\/\/secure.gravatar.com\/avatar\/7c8d670130e826a402d798b47ae0205519a8f7ec6c1b18d93dc679e112c54c79?s=32&#038;d=mm&#038;r=g&#039; srcset=&#039;https:\/\/secure.gravatar.com\/avatar\/7c8d670130e826a402d798b47ae0205519a8f7ec6c1b18d93dc679e112c54c79?s=64&#038;d=mm&#038;r=g 2x&#039; class=&#039;avatar avatar-32 photo&#039; height=&#039;32&#039; width=&#039;32&#039; \/&gt;&lt;\/span&gt;\n\t\t\t\t\t\t&lt;span class=&quot;gb-datetime&quot;&gt;\n\t\t\t\t\t\t\t&lt;span class=&quot;gb-date&quot;&gt;&lt;span class=&quot;gb-date-text&quot;&gt; 11. Januar 2020&lt;\/span&gt;\n\t\t\t\t\t\t\t&lt;\/span&gt;&lt;span class=&quot;gb-time&quot;&gt;\n\t\t\t\t\t\t\t\t\t&lt;span class=&quot;gb-time-at-text&quot;&gt; um&lt;\/span&gt;\n\t\t\t\t\t\t\t\t\t&lt;span class=&quot;gb-time-text&quot;&gt; 5:39 p.m.&lt;\/span&gt;\n\t\t\t\t\t\t\t\t&lt;\/span&gt;\n\t\t\t\t\t\t&lt;\/span&gt; \n\t\t\t\t\t&lt;\/div&gt;\n\t\t\t\t\t&lt;div class=&quot;gb-entry-content&quot;&gt;Hier sieht es schon sehr gem\u00fcthlich aus und freue mich wenn es auch wieder Live Sendungen gibt.\nDanke f\u00fcr die tolle arbeit!\nGruss Andy\n\t\t\t\t\t&lt;\/div&gt;\n\t\t\t\t&lt;\/article&gt;\n\t\t\t&lt;\/div&gt;\n\t\t\t&lt;div class=&quot;gb-entry gb-entry_24 gb-entry-count_2 gwolle-gb-even&quot; id=&quot;gb-entry_24&quot; data-entry_id=&quot;24&quot;&gt;\n\t\t\t\t&lt;article&gt;\n\t\t\t\t\t&lt;div class=&quot;gb-author-info&quot;&gt;\n\t\t\t\t\t\t&lt;span class=&quot;gb-author-avatar&quot;&gt;&lt;img referrerpolicy=&quot;no-referrer&quot; alt=&#039;Toto&#039; src=&#039;https:\/\/secure.gravatar.com\/avatar\/3fa18b7fd06ccd3f012e51a9c5d222896bf539d879a9dd3a2eee642a74662fbd?s=32&#038;d=mm&#038;r=g&#039; srcset=&#039;https:\/\/secure.gravatar.com\/avatar\/3fa18b7fd06ccd3f012e51a9c5d222896bf539d879a9dd3a2eee642a74662fbd?s=64&#038;d=mm&#038;r=g 2x&#039; class=&#039;avatar avatar-32 photo&#039; height=&#039;32&#039; width=&#039;32&#039; \/&gt;&lt;\/span&gt;\n\t\t\t\t\t\t&lt;span class=&quot;gb-datetime&quot;&gt;\n\t\t\t\t\t\t\t&lt;span class=&quot;gb-date&quot;&gt;&lt;span class=&quot;gb-date-text&quot;&gt; 3. Januar 2020&lt;\/span&gt;\n\t\t\t\t\t\t\t&lt;\/span&gt;&lt;span class=&quot;gb-time&quot;&gt;\n\t\t\t\t\t\t\t\t\t&lt;span class=&quot;gb-time-at-text&quot;&gt; um&lt;\/span&gt;\n\t\t\t\t\t\t\t\t\t&lt;span class=&quot;gb-time-text&quot;&gt; 9:28 p.m.&lt;\/span&gt;\n\t\t\t\t\t\t\t\t&lt;\/span&gt;\n\t\t\t\t\t\t&lt;\/span&gt; \n\t\t\t\t\t&lt;\/div&gt;\n\t\t\t\t\t&lt;div class=&quot;gb-entry-content&quot;&gt;freu mich schon wenn es demn\u00e4chst wieder los geht hier\n\t\t\t\t\t&lt;\/div&gt;\n\t\t\t\t&lt;\/article&gt;\n\t\t\t&lt;\/div&gt;\n\t\t\t&lt;div class=&quot;gb-entry gb-entry_25 gb-entry-count_3 gwolle-gb-uneven&quot; id=&quot;gb-entry_25&quot; data-entry_id=&quot;25&quot;&gt;\n\t\t\t\t&lt;article&gt;\n\t\t\t\t\t&lt;div class=&quot;gb-author-info&quot;&gt;\n\t\t\t\t\t\t&lt;span class=&quot;gb-author-avatar&quot;&gt;&lt;img referrerpolicy=&quot;no-referrer&quot; alt=&#039;admin&#039; src=&#039;https:\/\/secure.gravatar.com\/avatar\/a888c08e0591923c6f458ecb4f0bbf2ebcc78e5e4115f3a63d44859508302100?s=32&#038;d=mm&#038;r=g&#039; srcset=&#039;https:\/\/secure.gravatar.com\/avatar\/a888c08e0591923c6f458ecb4f0bbf2ebcc78e5e4115f3a63d44859508302100?s=64&#038;d=mm&#038;r=g 2x&#039; class=&#039;avatar avatar-32 photo&#039; height=&#039;32&#039; width=&#039;32&#039; \/&gt;&lt;\/span&gt;\n\t\t\t\t\t\t&lt;span class=&quot;gb-datetime&quot;&gt;\n\t\t\t\t\t\t\t&lt;span class=&quot;gb-date&quot;&gt;&lt;span class=&quot;gb-date-text&quot;&gt; 9. Dezember 2019&lt;\/span&gt;\n\t\t\t\t\t\t\t&lt;\/span&gt;&lt;span class=&quot;gb-time&quot;&gt;\n\t\t\t\t\t\t\t\t\t&lt;span class=&quot;gb-time-at-text&quot;&gt; um&lt;\/span&gt;\n\t\t\t\t\t\t\t\t\t&lt;span class=&quot;gb-time-text&quot;&gt; 12:27 a.m.&lt;\/span&gt;\n\t\t\t\t\t\t\t\t&lt;\/span&gt;\n\t\t\t\t\t\t&lt;\/span&gt; \n\t\t\t\t\t&lt;\/div&gt;\n\t\t\t\t\t&lt;div class=&quot;gb-entry-content&quot;&gt;na dann mal los mit euren Eintr\u00e4gen\n\t\t\t\t\t&lt;\/div&gt;\n\t\t\t\t&lt;\/article&gt;\n\t\t\t&lt;\/div&gt;\n\t\t\t&lt;\/div&gt;&lt;\/div&gt;\"><div class=\"gwolle-gb\"><div class=\"gwolle-gb-messages-top-container\"><\/div>\n\t\t\t<div class=\"gwolle-gb-write-button\">\n\t\t\t\t<input type=\"button\" name=\"gwolle-gb-write-button\" class=\"button btn btn-default \" value=\"Neuen Eintrag schreiben\" aria-expanded=\"false\" \/>\n\t\t\t<\/div>\n\t\t\t<form action=\"#\" method=\"POST\" class=\"gwolle-gb-write gwolle-gb-hide gwolle-gb-float gwolle-gb-form-ajax gwolle-gb-ajax gwolle-gb-not-logged-in\">\n\t\t\t\t<h3>Einen neuen Eintrag f\u00fcr das G\u00e4stebuch schreiben<\/h3>\n\t\t\t\t<button type=\"button\" class=\"gb-notice-dismiss\">x<span class=\"screen-reader-text\">Dieses Formular ausblenden<\/span><\/button>\n\t\t\t\n\t\t\t\t<input type=\"hidden\" name=\"gwolle_gb_function\" class=\"gwolle_gb_function\" value=\"add_entry\" \/><input type=\"hidden\" name=\"gwolle_gb_book_id\" class=\"gwolle_gb_book_id\" value=\"1\" \/><div class=\"gwolle_gb_345e348c91d904abae316cef302e4d78\">\n\t\t\t\t<div class=\"label\"><label for=\"gwolle_gb_345e348c91d904abae316cef302e4d78-2\" class=\"text-info\">Name <span class=\"required\">*<\/span><\/label><\/div>\n\t\t\t\t<div class=\"input\"><input class=\"wp-exclude-emoji gwolle_gb_345e348c91d904abae316cef302e4d78\" value=\"\" type=\"text\" id=\"gwolle_gb_345e348c91d904abae316cef302e4d78-2\" name=\"gwolle_gb_345e348c91d904abae316cef302e4d78\" required \/><\/div>\n\t\t\t\t<div class=\"clearBoth\">&nbsp;<\/div>\n\t\t\t<\/div>\n\t\t\t<div class=\"gwolle_gb_851f7c72a0987b2f945d63ac3dd718b7\" style=\"display:none;overflow:hidden;\" hidden=\"true\" aria-hidden=\"true\">\n\t\t\t\t<div class=\"label\">\n\t\t\t\t\t<label for=\"gwolle_gb_851f7c72a0987b2f945d63ac3dd718b7-2\" class=\"text-primary\">Hier nichts eingeben<\/label>\n\t\t\t\t\t<label for=\"gwolle_gb_35bd4e28a1c53203d12464f82a0c64f5-2\" class=\"text-primary\">Hier nichts eingeben<\/label>\n\t\t\t\t<\/div>\n\t\t\t\t<div class=\"input\">\n\t\t\t\t\t<input value=\"32\" type=\"text\" id=\"gwolle_gb_851f7c72a0987b2f945d63ac3dd718b7-2\" name=\"gwolle_gb_851f7c72a0987b2f945d63ac3dd718b7\" class=\"gwolle_gb_851f7c72a0987b2f945d63ac3dd718b7\" style=\"transform: translateY(10000px);\" \/>\n\t\t\t\t\t<input value=\"\" type=\"text\" name=\"gwolle_gb_35bd4e28a1c53203d12464f82a0c64f5\" id=\"gwolle_gb_35bd4e28a1c53203d12464f82a0c64f5-2\" class=\"gwolle_gb_35bd4e28a1c53203d12464f82a0c64f5\" style=\"transform: translateY(10000px);\" \/>\n\t\t\t\t<\/div>\n\t\t\t\t<div class=\"clearBoth\"><\/div>\n\t\t\t<\/div>\n\t\t\t<div class=\"gwolle_gb_bb6efdbdcfe2b4b04e0e3530f3939a68\" style=\"display:none;overflow:hidden;\" hidden=\"true\" aria-hidden=\"true\">\n\t\t\t\t<div class=\"label\">\n\t\t\t\t\t<label for=\"gwolle_gb_bb6efdbdcfe2b4b04e0e3530f3939a68-2\" class=\"text-primary\">Hier nichts eingeben<\/label>\n\t\t\t\t\t<label for=\"gwolle_gb_db8bbc2d5a1e6cc67eaa7bec736ab84c-2\" class=\"text-primary\">Hier nichts eingeben<\/label>\n\t\t\t\t<\/div>\n\t\t\t\t<div class=\"input\">\n\t\t\t\t\t<input value=\"10638\" type=\"text\" id=\"gwolle_gb_bb6efdbdcfe2b4b04e0e3530f3939a68-2\" name=\"gwolle_gb_bb6efdbdcfe2b4b04e0e3530f3939a68\" class=\"gwolle_gb_bb6efdbdcfe2b4b04e0e3530f3939a68\" style=\"transform: translateY(10000px);\" \/>\n\t\t\t\t\t<input value=\"10638\" type=\"text\"id=\"gwolle_gb_db8bbc2d5a1e6cc67eaa7bec736ab84c-2\" name=\"gwolle_gb_db8bbc2d5a1e6cc67eaa7bec736ab84c\" class=\"gwolle_gb_db8bbc2d5a1e6cc67eaa7bec736ab84c\" style=\"transform: translateY(10000px);\" \/>\n\t\t\t\t<\/div>\n\t\t\t\t<div class=\"clearBoth\"><\/div>\n\t\t\t<\/div><div class=\"gwolle_gb_content\">\n\t\t\t\t<div class=\"label\"><label for=\"gwolle_gb_content-2\" class=\"text-info\">G\u00e4stebucheintrag <span class=\"required\">*<\/span><\/label><\/div>\n\t\t\t\t<div class=\"input\"><textarea id=\"gwolle_gb_content-2\" name=\"gwolle_gb_content\" class=\"gwolle_gb_content wp-exclude-emoji\" required ><\/textarea><\/div>\n\t\t\t\t\t<div class=\"clearBoth\">&nbsp;<\/div>\n\t\t\t\t<\/div><input type=\"hidden\" class=\"gwolle_gb_85a350d007b82f882af911c47be93c96\" id=\"gwolle_gb_85a350d007b82f882af911c47be93c96-2\" name=\"gwolle_gb_85a350d007b82f882af911c47be93c96\" value=\"a128e97a01\" \/>\n\t\t\t<div class=\"gwolle-gb-messages-bottom-container\"><\/div>\n\n\t\t\t<noscript><div class=\"no-js\">Warnung: Dieses Formular kann nur verwendet werden, wenn in deinem Browser JavaScript aktiviert ist.<\/div><\/noscript>\n\n\t\t\t<div class=\"gwolle_gb_submit gwolle-gb-submit\">\n\t\t\t\t<div class=\"label gwolle-gb-invisible text-muted\">&nbsp;<\/div>\n\t\t\t\t<div class=\"input\">\n\t\t\t\t\t<input type=\"submit\" name=\"gwolle_gb_submit\" class=\"gwolle_gb_submit button btn btn-primary \" value=\"Absenden\" \/>\n\t\t\t\t\t<span class=\"gwolle_gb_submit_ajax_icon gwolle-gb-submit-ajax-icon\"><\/span>\n\t\t\t\n\t\t\t\t<\/div>\n\t\t\t\t<div class=\"clearBoth\">&nbsp;<\/div>\n\t\t\t<\/div>\n\n\t\t\t<div class=\"gwolle_gb_notice gwolle-gb-notice\">\n\t\t\t\tMit * gekennzeichnete Felder sind erforderlich.<br \/>\r\nDeine E-Mail-Adresse wird nicht ver\u00f6ffentlicht.<br \/>\r\nEs ist m\u00f6glich, dass dein Eintrag im G\u00e4stebuch erst sichtbar ist, nachdem wir ihn \u00fcberpr\u00fcft haben.<br \/>\r\nWir behalten uns vor, Eintr\u00e4ge zu bearbeiten, zu l\u00f6schen oder nicht zu ver\u00f6ffentlichen.\n\t\t\t<\/div><\/form><div class=\"gwolle-gb-read gwolle-gb-ajax gwolle-gb-entries-list\" data-book_id=\"1\" data-page_id=\"1\">\n\t\t<div id=\"gwolle-gb-total\" class=\"gwolle-gb-total\">3 Eintr\u00e4ge<\/div><!-- Gwolle-GB Entry: Default Template Loaded -->\n\t\t\t\t<div class=\"gb-entry gb-entry_23 gb-entry-count_1 gwolle-gb-uneven gwolle-gb-first\" id=\"gb-entry_23\" data-entry_id=\"23\">\n\t\t\t\t<article>\n\t\t\t\t\t<div class=\"gb-author-info\">\n\t\t\t\t\t\t<span class=\"gb-author-avatar\"><img referrerpolicy=\"no-referrer\" alt='Andy' src='https:\/\/secure.gravatar.com\/avatar\/7c8d670130e826a402d798b47ae0205519a8f7ec6c1b18d93dc679e112c54c79?s=32&#038;d=mm&#038;r=g' srcset='https:\/\/secure.gravatar.com\/avatar\/7c8d670130e826a402d798b47ae0205519a8f7ec6c1b18d93dc679e112c54c79?s=64&#038;d=mm&#038;r=g 2x' class='avatar avatar-32 photo' height='32' width='32' \/><\/span>\n\t\t\t\t\t\t<span class=\"gb-datetime\">\n\t\t\t\t\t\t\t<span class=\"gb-date\"><span class=\"gb-date-text\"> 11. Januar 2020<\/span>\n\t\t\t\t\t\t\t<\/span><span class=\"gb-time\">\n\t\t\t\t\t\t\t\t\t<span class=\"gb-time-at-text\"> um<\/span>\n\t\t\t\t\t\t\t\t\t<span class=\"gb-time-text\"> 5:39 p.m.<\/span>\n\t\t\t\t\t\t\t\t<\/span>\n\t\t\t\t\t\t<\/span> \n\t\t\t\t\t<\/div>\n\t\t\t\t\t<div class=\"gb-entry-content\">Hier sieht es schon sehr gem\u00fcthlich aus und freue mich wenn es auch wieder Live Sendungen gibt.\nDanke f\u00fcr die tolle arbeit!\nGruss Andy\n\t\t\t\t\t<\/div>\n\t\t\t\t<\/article>\n\t\t\t<\/div>\n\t\t\t<div class=\"gb-entry gb-entry_24 gb-entry-count_2 gwolle-gb-even\" id=\"gb-entry_24\" data-entry_id=\"24\">\n\t\t\t\t<article>\n\t\t\t\t\t<div class=\"gb-author-info\">\n\t\t\t\t\t\t<span class=\"gb-author-avatar\"><img referrerpolicy=\"no-referrer\" alt='Toto' src='https:\/\/secure.gravatar.com\/avatar\/3fa18b7fd06ccd3f012e51a9c5d222896bf539d879a9dd3a2eee642a74662fbd?s=32&#038;d=mm&#038;r=g' srcset='https:\/\/secure.gravatar.com\/avatar\/3fa18b7fd06ccd3f012e51a9c5d222896bf539d879a9dd3a2eee642a74662fbd?s=64&#038;d=mm&#038;r=g 2x' class='avatar avatar-32 photo' height='32' width='32' \/><\/span>\n\t\t\t\t\t\t<span class=\"gb-datetime\">\n\t\t\t\t\t\t\t<span class=\"gb-date\"><span class=\"gb-date-text\"> 3. Januar 2020<\/span>\n\t\t\t\t\t\t\t<\/span><span class=\"gb-time\">\n\t\t\t\t\t\t\t\t\t<span class=\"gb-time-at-text\"> um<\/span>\n\t\t\t\t\t\t\t\t\t<span class=\"gb-time-text\"> 9:28 p.m.<\/span>\n\t\t\t\t\t\t\t\t<\/span>\n\t\t\t\t\t\t<\/span> \n\t\t\t\t\t<\/div>\n\t\t\t\t\t<div class=\"gb-entry-content\">freu mich schon wenn es demn\u00e4chst wieder los geht hier\n\t\t\t\t\t<\/div>\n\t\t\t\t<\/article>\n\t\t\t<\/div>\n\t\t\t<div class=\"gb-entry gb-entry_25 gb-entry-count_3 gwolle-gb-uneven\" id=\"gb-entry_25\" data-entry_id=\"25\">\n\t\t\t\t<article>\n\t\t\t\t\t<div class=\"gb-author-info\">\n\t\t\t\t\t\t<span class=\"gb-author-avatar\"><img referrerpolicy=\"no-referrer\" alt='admin' src='https:\/\/secure.gravatar.com\/avatar\/a888c08e0591923c6f458ecb4f0bbf2ebcc78e5e4115f3a63d44859508302100?s=32&#038;d=mm&#038;r=g' srcset='https:\/\/secure.gravatar.com\/avatar\/a888c08e0591923c6f458ecb4f0bbf2ebcc78e5e4115f3a63d44859508302100?s=64&#038;d=mm&#038;r=g 2x' class='avatar avatar-32 photo' height='32' width='32' \/><\/span>\n\t\t\t\t\t\t<span class=\"gb-datetime\">\n\t\t\t\t\t\t\t<span class=\"gb-date\"><span class=\"gb-date-text\"> 9. Dezember 2019<\/span>\n\t\t\t\t\t\t\t<\/span><span class=\"gb-time\">\n\t\t\t\t\t\t\t\t\t<span class=\"gb-time-at-text\"> um<\/span>\n\t\t\t\t\t\t\t\t\t<span class=\"gb-time-text\"> 12:27 a.m.<\/span>\n\t\t\t\t\t\t\t\t<\/span>\n\t\t\t\t\t\t<\/span> \n\t\t\t\t\t<\/div>\n\t\t\t\t\t<div class=\"gb-entry-content\">na dann mal los mit euren Eintr\u00e4gen\n\t\t\t\t\t<\/div>\n\t\t\t\t<\/article>\n\t\t\t<\/div>\n\t\t\t<\/div><\/div><\/a><\/p>\n<div class=\"pvc_clear\"><\/div><p id=\"pvc_stats_207\" class=\"pvc_stats all  \" data-element-id=\"207\" style=\"\"><i class=\"pvc-stats-icon medium\" aria-hidden=\"true\"><svg aria-hidden=\"true\" focusable=\"false\" data-prefix=\"far\" data-icon=\"chart-bar\" role=\"img\" xmlns=\"http:\/\/www.w3.org\/2000\/svg\" viewBox=\"0 0 512 512\" class=\"svg-inline--fa fa-chart-bar fa-w-16 fa-2x\"><path fill=\"currentColor\" d=\"M396.8 352h22.4c6.4 0 12.8-6.4 12.8-12.8V108.8c0-6.4-6.4-12.8-12.8-12.8h-22.4c-6.4 0-12.8 6.4-12.8 12.8v230.4c0 6.4 6.4 12.8 12.8 12.8zm-192 0h22.4c6.4 0 12.8-6.4 12.8-12.8V140.8c0-6.4-6.4-12.8-12.8-12.8h-22.4c-6.4 0-12.8 6.4-12.8 12.8v198.4c0 6.4 6.4 12.8 12.8 12.8zm96 0h22.4c6.4 0 12.8-6.4 12.8-12.8V204.8c0-6.4-6.4-12.8-12.8-12.8h-22.4c-6.4 0-12.8 6.4-12.8 12.8v134.4c0 6.4 6.4 12.8 12.8 12.8zM496 400H48V80c0-8.84-7.16-16-16-16H16C7.16 64 0 71.16 0 80v336c0 17.67 14.33 32 32 32h464c8.84 0 16-7.16 16-16v-16c0-8.84-7.16-16-16-16zm-387.2-48h22.4c6.4 0 12.8-6.4 12.8-12.8v-70.4c0-6.4-6.4-12.8-12.8-12.8h-22.4c-6.4 0-12.8 6.4-12.8 12.8v70.4c0 6.4 6.4 12.8 12.8 12.8z\" class=\"\"><\/path><\/svg><\/i> <img loading=\"lazy\" decoding=\"async\" width=\"16\" height=\"16\" alt=\"Loading\" src=\"https:\/\/afterworkradio.de\/wp-content\/plugins\/page-views-count\/ajax-loader-2x.gif\" border=0 \/><\/p><div class=\"pvc_clear\"><\/div>","protected":false},"excerpt":{"rendered":"<div class=\"mh-excerpt\"><div class=\"pvc_clear\"><\/div>\n<p id=\"pvc_stats_207\" class=\"pvc_stats all  \" data-element-id=\"207\" style=\"\"><i class=\"pvc-stats-icon medium\" aria-hidden=\"true\"><svg aria-hidden=\"true\" focusable=\"false\" data-prefix=\"far\" data-icon=\"chart-bar\" role=\"img\" xmlns=\"http:\/\/www.w3.org\/2000\/svg\" viewBox=\"0 0 512 512\" class=\"svg-inline--fa fa-chart-bar fa-w-16 fa-2x\"><path fill=\"currentColor\" d=\"M396.8 352h22.4c6.4 0 12.8-6.4 12.8-12.8V108.8c0-6.4-6.4-12.8-12.8-12.8h-22.4c-6.4 0-12.8 6.4-12.8 12.8v230.4c0 6.4 6.4 12.8 12.8 12.8zm-192 0h22.4c6.4 0 12.8-6.4 12.8-12.8V140.8c0-6.4-6.4-12.8-12.8-12.8h-22.4c-6.4 0-12.8 6.4-12.8 12.8v198.4c0 6.4 6.4 12.8 12.8 12.8zm96 0h22.4c6.4 0 12.8-6.4 12.8-12.8V204.8c0-6.4-6.4-12.8-12.8-12.8h-22.4c-6.4 0-12.8 6.4-12.8 12.8v134.4c0 6.4 6.4 12.8 12.8 12.8zM496 400H48V80c0-8.84-7.16-16-16-16H16C7.16 64 0 71.16 0 80v336c0 17.67 14.33 32 32 32h464c8.84 0 16-7.16 16-16v-16c0-8.84-7.16-16-16-16zm-387.2-48h22.4c6.4 0 12.8-6.4 12.8-12.8v-70.4c0-6.4-6.4-12.8-12.8-12.8h-22.4c-6.4 0-12.8 6.4-12.8 12.8v70.4c0 6.4 6.4 12.8 12.8 12.8z\" class=\"\"><\/path><\/svg><\/i> <img loading=\"lazy\" decoding=\"async\" width=\"16\" height=\"16\" alt=\"Loading\" src=\"https:\/\/afterworkradio.de\/wp-content\/plugins\/page-views-count\/ajax-loader-2x.gif\" border=0 \/><\/p>\n<div class=\"pvc_clear\"><\/div>\n<\/div>","protected":false},"author":1,"featured_media":0,"parent":0,"menu_order":0,"comment_status":"closed","ping_status":"closed","template":"template-full.php","meta":{"footnotes":""},"class_list":["post-207","page","type-page","status-publish","hentry"],"jetpack_sharing_enabled":true,"_links":{"self":[{"href":"https:\/\/afterworkradio.de\/index.php\/wp-json\/wp\/v2\/pages\/207","targetHints":{"allow":["GET"]}}],"collection":[{"href":"https:\/\/afterworkradio.de\/index.php\/wp-json\/wp\/v2\/pages"}],"about":[{"href":"https:\/\/afterworkradio.de\/index.php\/wp-json\/wp\/v2\/types\/page"}],"author":[{"embeddable":true,"href":"https:\/\/afterworkradio.de\/index.php\/wp-json\/wp\/v2\/users\/1"}],"replies":[{"embeddable":true,"href":"https:\/\/afterworkradio.de\/index.php\/wp-json\/wp\/v2\/comments?post=207"}],"version-history":[{"count":6,"href":"https:\/\/afterworkradio.de\/index.php\/wp-json\/wp\/v2\/pages\/207\/revisions"}],"predecessor-version":[{"id":597,"href":"https:\/\/afterworkradio.de\/index.php\/wp-json\/wp\/v2\/pages\/207\/revisions\/597"}],"wp:attachment":[{"href":"https:\/\/afterworkradio.de\/index.php\/wp-json\/wp\/v2\/media?parent=207"}],"curies":[{"name":"wp","href":"https:\/\/api.w.org\/{rel}","templated":true}]}}